{"id":349,"date":"2016-03-03T01:36:58","date_gmt":"2016-03-03T01:36:58","guid":{"rendered":"https:\/\/demo.wpthemego.com\/themes\/sw_furnicom\/?page_id=349"},"modified":"2020-11-27T10:16:16","modified_gmt":"2020-11-27T09:16:16","slug":"about-us","status":"publish","type":"page","link":"https:\/\/shop.artisanatex.net\/en\/about-us\/","title":{"rendered":"About Us"},"content":{"rendered":"<p>[vc_row full_width=&#8221;stretch_row_content_no_spaces&#8221; el_class=&#8221;about-us&#8221; css=&#8221;.vc_custom_1456988506567{margin-top: 100px !important;margin-bottom: 0px !important;padding-bottom: 89px !important;}&#8221;][vc_column el_class=&#8221;container float&#8221;][vc_column_text]<img loading=\"lazy\" decoding=\"async\" class=\"alignnone img-about wp-image-386 size-full pull-left\" src=\"https:\/\/shop.artisanatex.net\/wp-content\/uploads\/2020\/09\/img-about2.png\" alt=\"img-about\" width=\"547\" height=\"545\" \/><\/p>\n<div class=\"description-about\">\n<div class=\"page-title\">\n<h2>About ArtisanaTex<\/h2>\n<\/div>\n<p><span style=\"font-family: Arial, sans-serif;\"><span style=\"font-size: medium;\">ArtisanaTex est une soci\u00e9t\u00e9 tunisienne cr\u00e9e en 2012 sp\u00e9cialis\u00e9e dans la production et distribution des foutas, jet\u00e9s, plaid,\u2026 dans le but de d\u00e9velopper l\u2019artisanat avec beaucoup d\u2019\u00e9nergie et de volont\u00e9 afin d\u2019imposer une image \u00e0 l\u2019\u00e9chelle national et international. <\/span><\/span><\/p>\n<p><span style=\"font-family: Arial, sans-serif;\"><span style=\"font-size: medium;\">C\u2019est une r\u00e9f\u00e9rence dans le tissage artisanal, dot\u00e9e d\u2019une grande expertise, du sens de cr\u00e9ativit\u00e9 et surtout beaucoup de passion dont son savoir-faire allie la tradition et la modernit\u00e9 rep\u00e9r\u00e9s par des acheteurs professionnels et particulier.<\/span><\/span><\/p>\n<p><span style=\"font-family: Arial, sans-serif;\"><span style=\"font-size: medium;\">ArtisanaTex vous pr\u00e9sente une s\u00e9lection coh\u00e9rente qui met en valeur le patrimoine pour faire revivre le graphisme et es techniques anciennes pour des nouveaux usages. Toute sa vari\u00e9t\u00e9 de qualit\u00e9 est compos\u00e9e de mati\u00e8res nobles (lin, coton, soie\u2026) et revisit\u00e9e aux tendances internationales avec des valeurs s\u00fbres qui racontes une histoire riche des civilisations \u00e0 travers le temps.<\/span><\/span><\/p>\n<p><span style=\"font-family: Arial, sans-serif;\"><span style=\"font-size: medium;\">Aujourd\u2019hui, ArtisanaTex refl\u00e8te l\u2019image du pays\u00a0: moderne avec une empreinte de tradition qui donne lieu \u00e0 de superbes cr\u00e9ations h\u00e9rit\u00e9es du pass\u00e9 et repens\u00e9es au gr\u00e9 des tendances.<\/span><\/span><\/p>\n<\/div>\n<p>[\/vc_column_text][\/vc_column][\/vc_row][vc_row disable_element=&#8221;yes&#8221; css=&#8221;.vc_custom_1599560670322{padding-top: 38px !important;padding-bottom: 20px !important;}&#8221;][vc_column][\/vc_column][\/vc_row]<\/p>\n","protected":false},"excerpt":{"rendered":"<p>[vc_row full_width=&#8221;stretch_row_content_no_spaces&#8221; el_class=&#8221;about-us&#8221; css=&#8221;.vc_custom_1456988506567{margin-top: 100px !important;margin-bottom: 0px !important;padding-bottom: 89px !important;}&#8221;][vc_column el_class=&#8221;container float&#8221;][vc_column_text] About ArtisanaTex ArtisanaTex est une soci\u00e9t\u00e9 tunisienne cr\u00e9e en 2012 sp\u00e9cialis\u00e9e dans la production et distribution des foutas, jet\u00e9s, plaid,\u2026 dans le but de d\u00e9velopper l\u2019artisanat avec beaucoup d\u2019\u00e9nergie et de volont\u00e9 afin d\u2019imposer une image \u00e0 l\u2019\u00e9chelle national et international. C\u2019est une &hellip; <a href=\"https:\/\/shop.artisanatex.net\/en\/about-us\/\">Readmore<\/a><\/p>\n","protected":false},"author":1,"featured_media":0,"parent":0,"menu_order":0,"comment_status":"closed","ping_status":"closed","template":"","meta":{"footnotes":""},"class_list":["post-349","page","type-page","status-publish","hentry"],"_links":{"self":[{"href":"https:\/\/shop.artisanatex.net\/en\/wp-json\/wp\/v2\/pages\/349"}],"collection":[{"href":"https:\/\/shop.artisanatex.net\/en\/wp-json\/wp\/v2\/pages"}],"about":[{"href":"https:\/\/shop.artisanatex.net\/en\/wp-json\/wp\/v2\/types\/page"}],"author":[{"embeddable":true,"href":"https:\/\/shop.artisanatex.net\/en\/wp-json\/wp\/v2\/users\/1"}],"replies":[{"embeddable":true,"href":"https:\/\/shop.artisanatex.net\/en\/wp-json\/wp\/v2\/comments?post=349"}],"version-history":[{"count":13,"href":"https:\/\/shop.artisanatex.net\/en\/wp-json\/wp\/v2\/pages\/349\/revisions"}],"predecessor-version":[{"id":3897,"href":"https:\/\/shop.artisanatex.net\/en\/wp-json\/wp\/v2\/pages\/349\/revisions\/3897"}],"wp:attachment":[{"href":"https:\/\/shop.artisanatex.net\/en\/wp-json\/wp\/v2\/media?parent=349"}],"curies":[{"name":"wp","href":"https:\/\/api.w.org\/{rel}","templated":true}]}}